{"id":7,"date":"2018-09-13T07:55:42","date_gmt":"2018-09-13T07:55:42","guid":{"rendered":"http:\/\/bar.sasss.ch\/?page_id=7"},"modified":"2022-08-02T06:52:05","modified_gmt":"2022-08-02T06:52:05","slug":"home","status":"publish","type":"page","link":"https:\/\/bar.sasss.ch\/?page_id=7","title":{"rendered":"HOME"},"content":{"rendered":"\n<figure class=\"wp-block-image\"><img decoding=\"async\" loading=\"lazy\" width=\"724\" height=\"1024\" src=\"http:\/\/bar.sasss.ch\/wp-content\/uploads\/2019\/03\/jesam-724x1024.jpg\" alt=\"Jazz @ Sass\" class=\"wp-image-661\" srcset=\"https:\/\/bar.sasss.ch\/wp-content\/uploads\/2019\/03\/jesam-724x1024.jpg 724w, https:\/\/bar.sasss.ch\/wp-content\/uploads\/2019\/03\/jesam-212x300.jpg 212w, https:\/\/bar.sasss.ch\/wp-content\/uploads\/2019\/03\/jesam-768x1086.jpg 768w, https:\/\/bar.sasss.ch\/wp-content\/uploads\/2019\/03\/jesam-600x849.jpg 600w, https:\/\/bar.sasss.ch\/wp-content\/uploads\/2019\/03\/jesam-1320x1867.jpg 1320w, https:\/\/bar.sasss.ch\/wp-content\/uploads\/2019\/03\/jesam.jpg 1588w\" sizes=\"(max-width: 724px) 100vw, 724px\" \/><figcaption>Jazz @ Sass<\/figcaption><\/figure>\n\n\n<p>Herzlich Willkommen im SASS BAR&nbsp;<br>SASS BAR l\u00e4dt zum Geniessen und Verweilen ein. Mit 400 Spirituosen bietet die Bar eine einzigartige Auswahl an unterschiedlichen Geschmacksrichtungen und Aromen. Das Angebot wird durch hochqualitative und liebevoll verzierte Cocktail-Kreationen erg\u00e4nzt. F\u00fcr Genuss und Wohlbefinden ist somit gesorgt.<br>Das kleine Raucher-Lokal ist mit Sitzpl\u00e4tzen an Stehtischen und Sofas f\u00fcr bis zu 20 Personen und weiteren Stehpl\u00e4tzen ausgestattet.&nbsp;<br>Gerne k\u00f6nnen Sie auch f\u00fcr Ihren Zigarrenabend bei uns reservieren.&nbsp;<br>Ein Innenhof-Garten mit mediterranem Flair bietet im Sommer zus\u00e4tzlich Platz f\u00fcr bis zu 50 Personen.&nbsp;<\/p>\n<article><a title=\"HAPPAS Y TAPAS\" href=\"http:\/\/bar.sasss.ch\/?p=532\"><br>&nbsp;<\/a><p><\/p>\n<p>&nbsp;<\/p>\n<p>&nbsp;<\/p>\n<\/article>\n<article>\n<h2><a title=\"THE LIQUOR STORE\" href=\"http:\/\/bar.sasss.ch\/?p=519\">THE LIQUOR STORE <\/a><\/h2>\n<p><a title=\"Read more\" href=\"http:\/\/bar.sasss.ch\/?p=519\">Read more<\/a><br><!-- .obfx-grid-col-content --><\/p>\n<\/article>\n<article>\n<h2><a title=\"COCKTAIL PARTY\" href=\"http:\/\/bar.sasss.ch\/?p=509\"><br>COCKTAIL PARTY <\/a><\/h2>\n<p>mit Lorenzo Lee<br><a title=\"Read more\" href=\"http:\/\/bar.sasss.ch\/?p=509\">Read more<\/a><br><!-- .obfx-grid-col-content --><\/p>\n<\/article>\n<article><a title=\"Herzlich Willkommen in der SASS BAR \u2013 Sch\u00f6nenwerd\" href=\"http:\/\/bar.sasss.ch\/?p=463\"><br><img decoding=\"async\" loading=\"lazy\" src=\"http:\/\/bar.sasss.ch\/wp-content\/uploads\/2018\/11\/Foto-20.11.18-15-26-08.jpg\" sizes=\"(max-width: 1125px) 100vw, 1125px\" srcset=\"http:\/\/bar.sasss.ch\/wp-content\/uploads\/2018\/11\/Foto-20.11.18-15-26-08.jpg 1125w, http:\/\/bar.sasss.ch\/wp-content\/uploads\/2018\/11\/Foto-20.11.18-15-26-08-300x139.jpg 300w, http:\/\/bar.sasss.ch\/wp-content\/uploads\/2018\/11\/Foto-20.11.18-15-26-08-768x356.jpg 768w, http:\/\/bar.sasss.ch\/wp-content\/uploads\/2018\/11\/Foto-20.11.18-15-26-08-1024x475.jpg 1024w, http:\/\/bar.sasss.ch\/wp-content\/uploads\/2018\/11\/Foto-20.11.18-15-26-08-600x278.jpg 600w\" alt=\"sass bar sch\u00f6nenwerd\" width=\"1125\" height=\"522\"> <\/a><p><\/p>\n<p>&nbsp;<\/p>\n<p>&nbsp;<\/p>\n<h2><a title=\"Herzlich Willkommen in der SASS BAR \u2013 Sch\u00f6nenwerd\" href=\"http:\/\/bar.sasss.ch\/?p=463\"><br>Herzlich Willkommen in der SASS BAR \u2013 Sch\u00f6nenwerd <\/a><\/h2>\n<p>Unsere SASS BAR l\u00e4dt zum Geniessen und Verweilen ein. Mit dem integrierten The Liquor Store und \u00fcber 400 Spirituosen bietet die Bar eine einzigartige Auswahl an unterschiedlichen Geschmacksrichtungen und Aromen.\u2026<br><a title=\"Read more\" href=\"http:\/\/bar.sasss.ch\/?p=463\">Read more<\/a><br><!-- .obfx-grid-col-content --><\/p>\n<\/article>\n<article><a title=\"\u00d6FFNUNGSZEITEN\" href=\"http:\/\/bar.sasss.ch\/?p=460\"><br><img decoding=\"async\" loading=\"lazy\" src=\"http:\/\/bar.sasss.ch\/wp-content\/uploads\/2018\/11\/unsere-oeffnungszeiten-text_10.png\" sizes=\"(max-width: 637px) 100vw, 637px\" srcset=\"http:\/\/bar.sasss.ch\/wp-content\/uploads\/2018\/11\/unsere-oeffnungszeiten-text_10.png 637w, http:\/\/bar.sasss.ch\/wp-content\/uploads\/2018\/11\/unsere-oeffnungszeiten-text_10-300x97.png 300w, http:\/\/bar.sasss.ch\/wp-content\/uploads\/2018\/11\/unsere-oeffnungszeiten-text_10-600x195.png 600w\" alt=\"sass bar \u00f6ffnungszeiten\" width=\"637\" height=\"207\"> <\/a><p><\/p>\n<p>&nbsp;<\/p>\n<p>&nbsp;<\/p>\n<h2><a title=\"\u00d6FFNUNGSZEITEN\" href=\"http:\/\/bar.sasss.ch\/?p=460\"><br>\u00d6FFNUNGSZEITEN <\/a><\/h2>\n<p>Wir haben jetzt NEU ab 11:00 Uhr ge\u00f6ffnet. Unsere Preise sind aussergew\u00f6hnlich gew\u00f6hnlich, also normale Sch\u00f6nenwerder-Preise.&nbsp; Unser aktuelles Angebot ist ein italienischer Lavazza-Espresso f\u00fcr nur Fr. 2.20.&nbsp; All das und\u2026<br><a title=\"Read more\" href=\"http:\/\/bar.sasss.ch\/?p=460\">Read more<\/a><br><!-- .obfx-grid-col-content --><\/p>\n<\/article>\n<article><a title=\"Il vero espresso italiano\" href=\"http:\/\/bar.sasss.ch\/?p=450\"><br><img decoding=\"async\" loading=\"lazy\" src=\"http:\/\/bar.sasss.ch\/wp-content\/uploads\/2018\/11\/best-espresso-machine-guide.jpg\" sizes=\"(max-width: 750px) 100vw, 750px\" srcset=\"http:\/\/bar.sasss.ch\/wp-content\/uploads\/2018\/11\/best-espresso-machine-guide.jpg 750w, http:\/\/bar.sasss.ch\/wp-content\/uploads\/2018\/11\/best-espresso-machine-guide-300x140.jpg 300w, http:\/\/bar.sasss.ch\/wp-content\/uploads\/2018\/11\/best-espresso-machine-guide-600x280.jpg 600w\" alt=\"sass bar sch\u00f6nenwerd espresso lavazza\" width=\"750\" height=\"350\"> <\/a><p><\/p>\n<p>&nbsp;<\/p>\n<p>&nbsp;<\/p>\n<h2><a title=\"Il vero espresso italiano\" href=\"http:\/\/bar.sasss.ch\/?p=450\"><br>Il vero espresso italiano <\/a><\/h2>\n<p>Jeweils vom Dienstag bis Samstag ab 11:00 bis 24:00 servieren wir Ihnen den feinsten Lavazza Espresso f\u00fcr NUR Fr. 2.20<br><a title=\"Read more\" href=\"http:\/\/bar.sasss.ch\/?p=450\">Read more<\/a><br><!-- .obfx-grid-col-content --><\/p>\n<\/article>\n<p><!-- .obfx-grid-container --><!-- .obfx-grid --><\/p>","protected":false},"excerpt":{"rendered":"<p>Herzlich Willkommen im SASS BAR&nbsp;SASS BAR l\u00e4dt zum Geniessen und Verweilen ein. Mit 400 Spirituosen bietet die Bar eine einzigartige Auswahl an unterschiedlichen Geschmacksrichtungen und Aromen. Das Angebot wird durch hochqualitative und liebevoll verzierte Cocktail-Kreationen erg\u00e4nzt. F\u00fcr Genuss und Wohlbefinden ist somit gesorgt.Das kleine Raucher-Lokal ist mit Sitzpl\u00e4tzen an Stehtischen und Sofas f\u00fcr bis zu &hellip; <\/p>\n<p class=\"link-more\"><a href=\"https:\/\/bar.sasss.ch\/?page_id=7\" class=\"more-link\"><span class=\"screen-reader-text\">&#171;HOME&#187;<\/span> weiterlesen<\/a><\/p>\n","protected":false},"author":1,"featured_media":0,"parent":0,"menu_order":0,"comment_status":"closed","ping_status":"closed","template":"","meta":{"footnotes":""},"aioseo_notices":[],"_links":{"self":[{"href":"https:\/\/bar.sasss.ch\/index.php?rest_route=\/wp\/v2\/pages\/7"}],"collection":[{"href":"https:\/\/bar.sasss.ch\/index.php?rest_route=\/wp\/v2\/pages"}],"about":[{"href":"https:\/\/bar.sasss.ch\/index.php?rest_route=\/wp\/v2\/types\/page"}],"author":[{"embeddable":true,"href":"https:\/\/bar.sasss.ch\/index.php?rest_route=\/wp\/v2\/users\/1"}],"replies":[{"embeddable":true,"href":"https:\/\/bar.sasss.ch\/index.php?rest_route=%2Fwp%2Fv2%2Fcomments&post=7"}],"version-history":[{"count":16,"href":"https:\/\/bar.sasss.ch\/index.php?rest_route=\/wp\/v2\/pages\/7\/revisions"}],"predecessor-version":[{"id":1025,"href":"https:\/\/bar.sasss.ch\/index.php?rest_route=\/wp\/v2\/pages\/7\/revisions\/1025"}],"wp:attachment":[{"href":"https:\/\/bar.sasss.ch\/index.php?rest_route=%2Fwp%2Fv2%2Fmedia&parent=7"}],"curies":[{"name":"wp","href":"https:\/\/api.w.org\/{rel}","templated":true}]}}